{"id":53384,"date":"2022-05-17T12:23:27","date_gmt":"2022-05-17T10:23:27","guid":{"rendered":"https:\/\/digitalsignageweb.com\/signalisation-dynamique\/"},"modified":"2022-05-17T12:23:30","modified_gmt":"2022-05-17T10:23:30","slug":"signalisation-dynamique","status":"publish","type":"page","link":"https:\/\/weboldv3.digitalsignageweb.com\/fr\/signalisation-dynamique\/","title":{"rendered":"Signalisation dynamique"},"content":{"rendered":"<p>[vc_row full_width=\u00a0\u00bbstretch_row\u00a0\u00bb parallax=\u00a0\u00bbcontent-moving\u00a0\u00bb parallax_speed_bg=\u00a0\u00bb3&Prime; css=\u00a0\u00bb.vc_custom_1601652517171{background-color: #273240 !important;}\u00a0\u00bb][vc_column][vc_empty_space height=\u00a0\u00bb50px\u00a0\u00bb][vc_column_text]<\/p>\n<h1 style=\"text-align: center;\"><span style=\"color: #ffffff;\">Signalisation dynamique<\/span><\/h1>\n<p>[\/vc_column_text][vc_empty_space height=\u00a0\u00bb50px\u00a0\u00bb][\/vc_column][\/vc_row][vc_row full_width=\u00a0\u00bbstretch_row\u00a0\u00bb css=\u00a0\u00bb.vc_custom_1636979637762{background-color: #ffffff !important;}\u00a0\u00bb][vc_column][vc_separator][\/vc_column][\/vc_row][vc_row full_width=\u00a0\u00bbstretch_row\u00a0\u00bb equal_height=\u00a0\u00bbyes\u00a0\u00bb content_placement=\u00a0\u00bbmiddle\u00a0\u00bb css=\u00a0\u00bb.vc_custom_1636979576581{background-color: #ffffff !important;}\u00a0\u00bb][vc_column width=\u00a0\u00bb1\/2&Prime;][vc_column_text]<\/p>\n<h2>Qu&rsquo;est-ce que l&rsquo;affichage dynamique ?<\/h2>\n<p>[\/vc_column_text][vc_column_text]La signalisation dynamique ou <a href=\"https:\/\/es.wikipedia.org\/wiki\/Se%C3%B1alizaci%C3%B3n_digital\" target=\"_blank\" rel=\"noopener noreferrer\">Digital Signage<\/a>, comme nous la connaissons tous, est une installation num\u00e9rique. Il affiche des contenus vid\u00e9o ou multim\u00e9dia \u00e0 des fins informatives ou publicitaires.<\/p>\n<p>Nous le voyons partout et nous avons souvent regard\u00e9 les publicit\u00e9s dans les stations de bus, trouv\u00e9 des informations sur les portes d&rsquo;a\u00e9roport, command\u00e9 de la nourriture dans les fast-foods, achet\u00e9 des tickets de cin\u00e9ma, obtenu des indications dans les mus\u00e9es. Tout cela gr\u00e2ce \u00e0 la signalisation num\u00e9rique et \u00e0 un \u00e9cran install\u00e9 sur place.<br \/>\nIl existe de nombreuses utilisations qui r\u00e9pondent \u00e0 une grande diversit\u00e9 de besoins des entreprises et du public.[\/vc_column_text][\/vc_column][vc_column width=\u00a0\u00bb1\/2&Prime;][vc_single_image image=\u00a0\u00bb52887&Prime; img_size=\u00a0\u00bblarge\u00a0\u00bb][\/vc_column][\/vc_row][vc_row full_width=\u00a0\u00bbstretch_row_content\u00a0\u00bb parallax=\u00a0\u00bbcontent-moving\u00a0\u00bb parallax_image=\u00a0\u00bb40360&Prime; parallax_speed_bg=\u00a0\u00bb2&Prime;][vc_column][vc_empty_space height=\u00a0\u00bb600px\u00a0\u00bb][\/vc_column][\/vc_row][vc_row full_width=\u00a0\u00bbstretch_row\u00a0\u00bb css=\u00a0\u00bb.vc_custom_1626097570541{background-color: #ffffff !important;}\u00a0\u00bb el_id=\u00a0\u00bbcomment \u00e7a marche\u00a0\u00bb][vc_column width=\u00a0\u00bb1\/2&Prime;][vc_column_text]<\/p>\n<h2>Comment fonctionne l&rsquo;affichage dynamique ?<\/h2>\n<p>[\/vc_column_text][vc_column_text]L&rsquo;affichage dynamique consiste \u00e0 communiquer en diffusant du contenu multim\u00e9dia par le biais de diff\u00e9rents \u00e9crans install\u00e9s \u00e0 diff\u00e9rents endroits.<\/p>\n<p>Le fonctionnement est tr\u00e8s simple, ce dont nous avons besoin :<\/p>\n<ul>\n<li><b>Un \u00e9cran totem ou un mur d&rsquo;images<\/b>. En toute logique, vous aurez besoin d&rsquo;un endroit pour afficher votre contenu. <a href=\"https:\/\/weboldv3.digitalsignageweb.com\/tienda\/\">Cherchez donc l&rsquo;\u00e9cran<\/a> qui convient le mieux \u00e0 vos besoins et \u00e0 votre espace. Int\u00e9rieur ou ext\u00e9rieur, luminosit\u00e9, taille, tactile, &#8230;<\/li>\n<li><strong>Logiciel de signalisation num\u00e9rique<\/strong>qui permet de contr\u00f4ler \u00e0 distance les \u00e9crans et leur contenu.<\/li>\n<li><strong>Une connexion Internet solide et robuste.<\/strong> Pour envoyer le contenu sur les \u00e9crans, vous devez disposer d&rsquo;une bonne connexion Internet.<\/li>\n<li><strong>La g\u00e9n\u00e9ration de contenus.<\/strong> G\u00e9n\u00e9rez un contenu dynamique, amusant et interactif et programmez-le pour qu&rsquo;il apparaisse sur diff\u00e9rents \u00e9crans.<\/li>\n<\/ul>\n<p>Comme vous pouvez le constater, les \u00e9l\u00e9ments qui composent l&rsquo;affichage dynamique sont tr\u00e8s simples et les avantages obtenus sont consid\u00e9rables, nous les expliquons ci-dessous.[\/vc_column_text][\/vc_column][vc_column width=\u00a0\u00bb1\/2&Prime;][vc_single_image image=\u00a0\u00bb52803&Prime; img_size=\u00a0\u00bblarge\u00a0\u00bb][vc_row_inner css=\u00a0\u00bb.vc_custom_1609323525706{background-color: #efefef !important;}\u00a0\u00bb][vc_column_inner][vc_column_text]<\/p>\n<h3 class=\"ugb-cta__title\" style=\"text-align: center;\">Vous devez r\u00e9aliser un projet d&rsquo;affichage dynamique pour votre entreprise et vous ne savez pas par o\u00f9 commencer ?<\/h3>\n<p class=\"ugb-cta__description\" style=\"text-align: center;\">Chez Recubik, nous vous aidons et vous guidons tout au long du processus. \u00c0 partir de l&rsquo;\u00e9cran dont vous avez besoin, Logiciel ou Cr\u00e9ativit\u00e9 dans le contenu.<\/p>\n<p>[\/vc_column_text][vc_btn title=\u00a0\u00bbContact sans engagement\u00a0\u00bb color=\u00a0\u00bbprimary\u00a0\u00bb align=\u00a0\u00bbcenter\u00a0\u00bb link=\u00a0\u00bburl:Adresse%20mail%20%3A%20info%40recubik.com|\u00a0\u00bb][\/vc_column_inner][\/vc_row_inner][\/vc_column][\/vc_row][vc_row full_width=\u00a0\u00bbstretch_row\u00a0\u00bb css=\u00a0\u00bb.vc_custom_1601655223475{background-color: #ffffff !important;}\u00a0\u00bb][vc_column][vc_empty_space height=\u00a0\u00bb20px\u00a0\u00bb][vc_separator][\/vc_column][\/vc_row][vc_row gap=\u00a0\u00bb30&Prime; css=\u00a0\u00bb.vc_custom_1609324757036{padding-top: 1% !important;padding-bottom: 1% !important;}\u00a0\u00bb][vc_column][vc_column_text]<\/p>\n<h2 style=\"text-align: center;\">Avantages de l&rsquo;affichage dynamique<\/h2>\n<p>[\/vc_column_text][\/vc_column][vc_column width=\u00a0\u00bb1\/3&Prime;]<div class=\"key-icon-box icon-circle icon-top   \"  ><i class=\"fas fa-heart\" ><\/i> <h4 class=\"service-heading\" >Am\u00e9liorer l'exp\u00e9rience<\/h4><p >Con la carteler\u00eda digital podemos dar informaci\u00f3n a alumnos, visitantes o clientes de car\u00e1cter general de forma instant\u00e1nea y sin riesgo a que se pierda. Es por ello que mejora la experiencia y en el caso de compradores aumenta el inter\u00e9s para adquirir el producto.  Un ejemplo; a las personas les resulta mucho m\u00e1s f\u00e1cil esperar en la fila cuando hay algo que les distraiga de la espera real. La investigaci\u00f3n respalda esta afirmaci\u00f3n. Seg\u00fan un estudio reciente sobre l\u00edneas de pago, El 69% de los compradores dijo que las largas filas eran la parte m\u00e1s irritante de las compras. Eso super\u00f3 los precios altos (66%) y el inventario agotado (65%). El 84% de esos clientes dijo que ver pantallas digitales les ayud\u00f3 a pasar el tiempo mientras esperaban.<\/p><\/div>[\/vc_column][vc_column width=\u00a0\u00bb1\/3&Prime;]<div class=\"key-icon-box icon-circle icon-top   \"  ><i class=\"fas fa-magic\" ><\/i> <h4 class=\"service-heading\" >Modifications automatiques<\/h4><p >Con la Carteler\u00eda Digital al utilizar un software basado en reglas, uno de los beneficios de la se\u00f1alizaci\u00f3n digital es que puede programar sus pantallas para que cambien a lo largo del d\u00eda. Esto no es posible con las formas tradicionales de se\u00f1alizaci\u00f3n debido al alto coste.  Por ejemplo, la mayor\u00eda de los restaurantes de comida r\u00e1pida utilizan pantallas de men\u00fa para mostrar sus precios. Muchos de ellos tambi\u00e9n se beneficiar\u00edan de cambiar sus precios durante el desayuno u para mostrar ofertas o promociones.<\/p><\/div>[\/vc_column][vc_column width=\u00a0\u00bb1\/3&Prime;]<div class=\"key-icon-box icon-circle icon-top   \"  ><i class=\"fas fa-female\" ><\/i> <h4 class=\"service-heading\" >Plus d'attention en passant<\/h4><p >Los beneficios de la carteler\u00eda digital tampoco se limitan a la experiencia en la tienda. Las pantallas tambi\u00e9n se pueden utilizar para atraer a los transe\u00fantes que, de otro modo, nunca hubieran entrado en un negocio.  Si bien, cualquier tipo de pantalla puede llamar la atenci\u00f3n (letreros tradicionales, exhibidores de productos, maniqu\u00edes, etc.), la se\u00f1alizaci\u00f3n digital tiene una ventaja muy poderosa: puede aprovechar el movimiento. Esta es una de las razones por las que las pantallas digitales capturan una media de m\u00e1s del 400% m\u00e1s de vistas que los letreros est\u00e1ticos.<\/p><\/div>[\/vc_column][\/vc_row][vc_row gap=\u00a0\u00bb30&Prime; css=\u00a0\u00bb.vc_custom_1601655129629{padding-top: 3% !important;padding-bottom: 3% !important;}\u00a0\u00bb][vc_column width=\u00a0\u00bb1\/3&Prime;]<div class=\"key-icon-box icon-circle icon-top   \"  ><i class=\"fas fa-cart-arrow-down\" ><\/i> <h4 class=\"service-heading\" >R\u00e9cup\u00e9ration et r\u00e9tention accrues<\/h4><p >El objetivo de muchos anuncios de un negocio es simplemente lograr que los clientes act\u00faen de inmediato: realizar un pedido, realizar una compra o seguir alg\u00fan otro tipo de direcci\u00f3n. Sin embargo, otras veces, el objetivo es informar a los compradores sobre los pr\u00f3ximos eventos: ventas, promociones, apariciones en la tienda, etc. Cuando la pantalla utiliza video, uno de los beneficios de la se\u00f1alizaci\u00f3n digital es que genera una mayor recuperaci\u00f3n en comparaci\u00f3n con la est\u00e1tica.  Cuando se estudiaron los efectos de las pantallas publicitarias digitales , el 83% de las personas recordaron al menos un anuncio que se les mostr\u00f3 durante los \u00faltimos 30 d\u00edas . 65% record\u00f3 2 y casi la mitad - 47% - record\u00f3 3.<\/p><\/div>[\/vc_column][vc_column width=\u00a0\u00bb1\/3&Prime;]<div class=\"key-icon-box icon-circle icon-top   \"  ><i class=\"fas fa-chart-bar\" ><\/i> <h4 class=\"service-heading\" >analyses<\/h4><p >La mayor\u00eda de los beneficios de la se\u00f1alizaci\u00f3n digital se pueden optimizar a\u00fan m\u00e1s gracias a la gran cantidad de an\u00e1lisis que estos sistemas pueden admitir. Por ejemplo, el software de an\u00e1lisis de se\u00f1alizaci\u00f3n digital puede informar qu\u00e9 productos son los m\u00e1s buscados. Si las ventas no son consistentes con este inter\u00e9s, podr\u00eda ser el momento de bajar el precio o mejorar su valor percibido. Este nivel de inter\u00e9s no ser\u00eda evidente si los compradores abandonaran la tienda sin comprar, aunque valoraran el producto. Las pantallas pueden incluso equiparse con c\u00e1maras de video que registran el movimiento de los ojos de los compradores, revelando qu\u00e9 \u00e1reas de la pantalla atraen m\u00e1s la atenci\u00f3n. El tiempo de permanencia se puede capturar de la misma manera, mostrando las tiendas donde ocurre m\u00e1s tr\u00e1fico.<\/p><\/div>[\/vc_column][vc_column width=\u00a0\u00bb1\/3&Prime;]<div class=\"key-icon-box icon-circle icon-top   \"  ><i class=\"fas fa-credit-card\" ><\/i> <h4 class=\"service-heading\" >R\u00e9duire les frais<\/h4><p >La carteler\u00eda digital puede ser costosa de instalar, pero ahorra dinero a largo plazo al reducir los costes de impresi\u00f3n y administraci\u00f3n. Como gasto \u00fanico, el equipo de se\u00f1alizaci\u00f3n digital generalmente se considera una inversi\u00f3n de capital y proviene de un presupuesto de operaciones y no de su presupuesto de marketing adem\u00e1s que no requiere costes a\u00f1adidos de impresi\u00f3n.  La administraci\u00f3n digital puede realizarla una persona desde una ubicaci\u00f3n central. Entonces, si posee 10 franquicias, puede actualizarlas todas a la vez. Con solo una persona actualiz\u00e1ndolo, es m\u00e1s f\u00e1cil de administrar y puede garantizar la tranquilidad de que se ha hecho y se ha hecho de forma coherente con todos los est\u00e1ndares de la marca.<\/p><\/div>[\/vc_column][\/vc_row][vc_row full_width=\u00a0\u00bbstretch_row\u00a0\u00bb css=\u00a0\u00bb.vc_custom_1601486265991{background-color: #ffffff !important;}\u00a0\u00bb][vc_column][vc_separator][vc_column_text]<\/p>\n<h2 style=\"text-align: center;\">Certains secteurs<\/h2>\n<p>[\/vc_column_text][vc_column_text]<\/p>\n<p style=\"text-align: center;\">L&rsquo;affichage dynamique peut \u00eatre appliqu\u00e9 \u00e0 diff\u00e9rents secteurs, o\u00f9 il apportera une s\u00e9rie d&rsquo;avantages \u00e0 la communication et au marketing de votre entreprise.<\/p>\n<p style=\"text-align: center;\">Voici les applications de l&rsquo;affichage dynamique pour chaque secteur. Choisissez le v\u00f4tre !<\/p>\n<p>[\/vc_column_text][\/vc_column][\/vc_row][vc_row full_width=\u00a0\u00bbstretch_row\u00a0\u00bb][vc_column][vc_basic_grid post_type=\u00a0\u00bbids\u00a0\u00bb element_width=\u00a0\u00bb6&Prime; item=\u00a0\u00bb39284&Prime; grid_id=\u00a0\u00bbvc_gid:1636975233620-7da6a523-ef1d-3&Prime; include=\u00a0\u00bb39071, 39362, 39353, 39359, 39357, 39355, 39351, 39344&Prime;][\/vc_column][\/vc_row][vc_row][vc_column][vc_empty_space height=\u00a0\u00bb50px\u00a0\u00bb][vc_separator][\/vc_column][\/vc_row][vc_row full_width=\u00a0\u00bbstretch_row_content\u00a0\u00bb css=\u00a0\u00bb.vc_custom_1626099136730{margin-bottom: -150px !important;padding-bottom: 10px !important;background-color: #273240 !important;}\u00a0\u00bb][vc_column][vc_column_text]<\/p>\n<h2 style=\"text-align: center;\"><span style=\"color: #ffffff;\">Contacter Recubik | Signalisation dynamique<\/span><\/h2>\n<p>[\/vc_column_text][vc_empty_space height=\u00a0\u00bb6px\u00a0\u00bb][vc_column_text]<\/p>\n<h4 style=\"text-align: center;\"><span style=\"color: #ffffff;\">Si vous avez un projet d&rsquo;affichage dynamique en t\u00eate, faites-nous part de votre id\u00e9e.<\/span><br \/>\n<span style=\"color: #ffffff;\">Envoyez-nous vos coordonn\u00e9es et nous vous contacterons pour rendre votre projet possible.<\/span><\/h4>\n<p>[\/vc_column_text][vc_empty_space height=\u00a0\u00bb10px\u00a0\u00bb]<div role=\"form\" class=\"wpcf7\" id=\"wpcf7-f40402-o1\" lang=\"es-ES\" dir=\"ltr\">\n<div class=\"screen-reader-response\"><p role=\"status\" aria-live=\"polite\" aria-atomic=\"true\"><\/p> <ul><\/ul><\/div>\n<form action=\"\/fr\/wp-json\/wp\/v2\/pages\/53384#wpcf7-f40402-o1\" method=\"post\" class=\"wpcf7-form init\" novalidate=\"novalidate\" data-status=\"init\">\n<div style=\"display: none;\">\n<input type=\"hidden\" name=\"_wpcf7\" value=\"40402\" \/>\n<input type=\"hidden\" name=\"_wpcf7_version\" value=\"5.5.6.1\" \/>\n<input type=\"hidden\" name=\"_wpcf7_locale\" value=\"es_ES\" \/>\n<input type=\"hidden\" name=\"_wpcf7_unit_tag\" value=\"wpcf7-f40402-o1\" \/>\n<input type=\"hidden\" name=\"_wpcf7_container_post\" value=\"0\" \/>\n<input type=\"hidden\" name=\"_wpcf7_posted_data_hash\" value=\"\" \/>\n<input type=\"hidden\" name=\"_wpcf7_recaptcha_response\" value=\"\" \/>\n<\/div>\n<p><span class=\"wpcf7-form-control-wrap Nombre\"><input type=\"text\" name=\"Nombre\" value=\"\" size=\"40\" class=\"wpcf7-form-control wpcf7-text wpcf7-validates-as-required\" aria-required=\"true\" aria-invalid=\"false\" placeholder=\"*Nombre y Apellidos\" \/><\/span><\/p>\n<p><span class=\"wpcf7-form-control-wrap email-196\"><input type=\"email\" name=\"email-196\" value=\"\" size=\"40\" class=\"wpcf7-form-control wpcf7-text wpcf7-email wpcf7-validates-as-required wpcf7-validates-as-email\" aria-required=\"true\" aria-invalid=\"false\" placeholder=\"*Correo de empresa\" \/><\/span> <\/p>\n<p><span class=\"wpcf7-form-control-wrap tel\"><input type=\"text\" name=\"tel\" value=\"\" size=\"40\" class=\"wpcf7-form-control wpcf7-text wpcf7-validates-as-required\" aria-required=\"true\" aria-invalid=\"false\" placeholder=\"*Tel\u00e9fono\" \/><\/span><\/p>\n<p><span class=\"wpcf7-form-control-wrap textmissatge\"><textarea name=\"textmissatge\" cols=\"40\" rows=\"10\" class=\"wpcf7-form-control wpcf7-textarea wpcf7-validates-as-required\" aria-required=\"true\" aria-invalid=\"false\" placeholder=\"*Deja tu mensaje...\"><\/textarea><\/span><\/p>\n<p><span class=\"wpcf7-form-control-wrap acceptance-492\"><span class=\"wpcf7-form-control wpcf7-acceptance\"><span class=\"wpcf7-list-item\"><label><input type=\"checkbox\" name=\"acceptance-492\" value=\"1\" aria-invalid=\"false\" \/><span class=\"wpcf7-list-item-label\">Al enviar la solicitud aceptas la <\/span> <a href=\"https:\/\/weboldv3.digitalsignageweb.com\/politica-cookies-privacidad\/\" target=\"_blank\" rel=\"noopener\">Pol\u00edtica de Privacidad<\/a><\/span><\/label><\/span><\/span><\/span><\/p>\n<p><input type=\"submit\" value=\"Enviar Solicitud\" class=\"wpcf7-form-control has-spinner wpcf7-submit\" \/><\/p>\n<div class=\"wpcf7-response-output\" aria-hidden=\"true\"><\/div><\/form><\/div>[\/vc_column][\/vc_row]<\/p>\n","protected":false},"excerpt":{"rendered":"<p>[vc_row full_width=\u00a0\u00bbstretch_row\u00a0\u00bb parallax=\u00a0\u00bbcontent-moving\u00a0\u00bb parallax_speed_bg=\u00a0\u00bb3&Prime; css=\u00a0\u00bb.vc_custom_1601652517171{background-color: #273240 !important;}\u00a0\u00bb][vc_column][vc_empty_space height=\u00a0\u00bb50px\u00a0\u00bb][vc_column_text] Signalisation dynamique [\/vc_column_text][vc_empty_space height=\u00a0\u00bb50px\u00a0\u00bb][\/vc_column][\/vc_row][vc_row full_width=\u00a0\u00bbstretch_row\u00a0\u00bb css=\u00a0\u00bb.vc_custom_1636979637762{background-color: #ffffff !important;}\u00a0\u00bb][vc_column][vc_separator][\/vc_column][\/vc_row][vc_row full_width=\u00a0\u00bbstretch_row\u00a0\u00bb equal_height=\u00a0\u00bbyes\u00a0\u00bb content_placement=\u00a0\u00bbmiddle\u00a0\u00bb css=\u00a0\u00bb.vc_custom_1636979576581{background-color: #ffffff !important;}\u00a0\u00bb][vc_column width=\u00a0\u00bb1\/2&Prime;][vc_column_text] [&hellip;]<\/p>\n","protected":false},"author":1,"featured_media":52886,"parent":0,"menu_order":0,"comment_status":"closed","ping_status":"closed","template":"","meta":{"inline_featured_image":false},"_links":{"self":[{"href":"https:\/\/weboldv3.digitalsignageweb.com\/fr\/wp-json\/wp\/v2\/pages\/53384"}],"collection":[{"href":"https:\/\/weboldv3.digitalsignageweb.com\/fr\/wp-json\/wp\/v2\/pages"}],"about":[{"href":"https:\/\/weboldv3.digitalsignageweb.com\/fr\/wp-json\/wp\/v2\/types\/page"}],"author":[{"embeddable":true,"href":"https:\/\/weboldv3.digitalsignageweb.com\/fr\/wp-json\/wp\/v2\/users\/1"}],"replies":[{"embeddable":true,"href":"https:\/\/weboldv3.digitalsignageweb.com\/fr\/wp-json\/wp\/v2\/comments?post=53384"}],"version-history":[{"count":3,"href":"https:\/\/weboldv3.digitalsignageweb.com\/fr\/wp-json\/wp\/v2\/pages\/53384\/revisions"}],"predecessor-version":[{"id":53387,"href":"https:\/\/weboldv3.digitalsignageweb.com\/fr\/wp-json\/wp\/v2\/pages\/53384\/revisions\/53387"}],"wp:featuredmedia":[{"embeddable":true,"href":"https:\/\/weboldv3.digitalsignageweb.com\/fr\/wp-json\/wp\/v2\/media\/52886"}],"wp:attachment":[{"href":"https:\/\/weboldv3.digitalsignageweb.com\/fr\/wp-json\/wp\/v2\/media?parent=53384"}],"curies":[{"name":"wp","href":"https:\/\/api.w.org\/{rel}","templated":true}]}}