{"id":53390,"date":"2022-05-17T13:40:02","date_gmt":"2022-05-17T11:40:02","guid":{"rendered":"https:\/\/digitalsignageweb.com\/solutions-de-signalisation-dynamique-recubik\/"},"modified":"2022-10-28T11:42:32","modified_gmt":"2022-10-28T09:42:32","slug":"solutions-de-signalisation-dynamique-recubik","status":"publish","type":"page","link":"https:\/\/weboldv3.digitalsignageweb.com\/fr\/solutions-de-signalisation-dynamique-recubik\/","title":{"rendered":"Solutions de signalisation dynamique Recubik"},"content":{"rendered":"<p>[vc_row full_width=\u00a0\u00bbstretch_row_content_no_spaces\u00a0\u00bb content_placement=\u00a0\u00bbmiddle\u00a0\u00bb parallax=\u00a0\u00bbcontent-moving\u00a0\u00bb parallax_image=\u00a0\u00bb38380&Prime; css=\u00a0\u00bb.vc_custom_1604316256599{margin-bottom: 1px !important;padding-top: 100px !important;padding-bottom: 100px !important;background-color: #ffffff !important;}\u00a0\u00bb el_class=\u00a0\u00bbbackextra\u00a0\u00bb][vc_column width=\u00a0\u00bb1\/2&Prime;][vc_single_image image=\u00a0\u00bb52388&Prime; img_size=\u00a0\u00bbmedium\u00a0\u00bb alignment=\u00a0\u00bbcenter\u00a0\u00bb][vc_column_text css=\u00a0\u00bb.vc_custom_1666950079799{padding-right: 20% !important;padding-left: 20% !important;}\u00a0\u00bb]<\/p>\n<p style=\"text-align: center;\"><span style=\"color: #ffffff;\">Solutions de signalisation num\u00e9rique pour tout type de secteur ne n\u00e9cessitant pas d&rsquo;exigences techniques tr\u00e8s \u00e9lev\u00e9es.<\/span><\/p>\n<p>[\/vc_column_text]<a style=\"width: 300px;\" href=\"https:\/\/standard.digitalsignagevision.com\/\" target=\"_blank\" title=\"Versi\u00f3n Est\u00e1ndar\" class=\"tt_button    \" data-animation-delay=200><span class=\"prim_text\">ACCEDE A LA VERSI\u00d3N STANDARD<\/span><\/a>[vc_single_image image=\u00a0\u00bb52978&Prime; img_size=\u00a0\u00bb226&#215;88&Prime; alignment=\u00a0\u00bbcenter\u00a0\u00bb onclick=\u00a0\u00bbcustom_link\u00a0\u00bb img_link_target=\u00a0\u00bb_blank\u00a0\u00bb][\/vc_column][vc_column width=\u00a0\u00bb1\/2&Prime;][vc_single_image image=\u00a0\u00bb52389&Prime; img_size=\u00a0\u00bbmedium\u00a0\u00bb alignment=\u00a0\u00bbcenter\u00a0\u00bb][vc_column_text css=\u00a0\u00bb.vc_custom_1666950090904{padding-right: 20% !important;padding-left: 20% !important;}\u00a0\u00bb]<\/p>\n<p style=\"text-align: center;\"><span style=\"color: #ffffff;\">Solution de signalisation num\u00e9rique pour les secteurs n\u00e9cessitant un logiciel plus avanc\u00e9 autour de la gestion de contenu \u00e0 distance.<\/span><\/p>\n<p>[\/vc_column_text]<a style=\"width: 300px;\" href=\"https:\/\/business.digitalsignagevision.com\/\" target=\"_blank\" title=\"Versi\u00f3n Business\" class=\"tt_button    \" data-animation-delay=200><span class=\"prim_text\">ACCEDE A LA VERSI\u00d3N BUSSINESS<\/span><\/a>[vc_single_image image=\u00a0\u00bb52978&Prime; img_size=\u00a0\u00bb226&#215;88&Prime; alignment=\u00a0\u00bbcenter\u00a0\u00bb onclick=\u00a0\u00bbcustom_link\u00a0\u00bb img_link_target=\u00a0\u00bb_blank\u00a0\u00bb][\/vc_column][vc_column][\/vc_column][\/vc_row][vc_row full_width=\u00a0\u00bbstretch_row_content_no_spaces\u00a0\u00bb parallax=\u00a0\u00bbcontent-moving\u00a0\u00bb parallax_image=\u00a0\u00bb38379&Prime; css=\u00a0\u00bb.vc_custom_1604316265508{margin-bottom: 1px !important;padding-top: 100px !important;padding-bottom: 100px !important;background-color: #ffffff !important;}\u00a0\u00bb el_class=\u00a0\u00bbbackextra\u00a0\u00bb][vc_column width=\u00a0\u00bb1\/2&Prime;][vc_single_image image=\u00a0\u00bb52390&Prime; img_size=\u00a0\u00bbmedium\u00a0\u00bb alignment=\u00a0\u00bbcenter\u00a0\u00bb][vc_column_text css=\u00a0\u00bb.vc_custom_1666950102223{padding-right: 20% !important;padding-left: 20% !important;}\u00a0\u00bb]<\/p>\n<p style=\"text-align: center;\"><span style=\"color: #ffffff;\">Solution d&rsquo;affichage dynamique premium avec des fonctionnalit\u00e9s suppl\u00e9mentaires : affichage en temps r\u00e9el des \u00e9crans, personnalisation du gestionnaire \u00ab\u00a0marque blanche\u00a0\u00bb, plus de fonctionnalit\u00e9s m\u00e9dia, plus d&rsquo;espace dans le cloud.<\/span><\/p>\n<p>[\/vc_column_text]<a style=\"width: 300px;\" href=\"https:\/\/premium.digitalsignagevision.com\/\" target=\"_blank\" title=\"Versi\u00f3n Premium\" class=\"tt_button    \" data-animation-delay=200><span class=\"prim_text\">ACCEDE A LA VERSI\u00d3N PREMIUM<\/span><\/a>[vc_single_image image=\u00a0\u00bb52978&Prime; img_size=\u00a0\u00bb226&#215;88&Prime; alignment=\u00a0\u00bbcenter\u00a0\u00bb onclick=\u00a0\u00bbcustom_link\u00a0\u00bb img_link_target=\u00a0\u00bb_blank\u00a0\u00bb][\/vc_column][vc_column width=\u00a0\u00bb1\/2&Prime;][vc_single_image image=\u00a0\u00bb52391&Prime; img_size=\u00a0\u00bbmedium\u00a0\u00bb alignment=\u00a0\u00bbcenter\u00a0\u00bb][vc_column_text css=\u00a0\u00bb.vc_custom_1666950111132{padding-right: 20% !important;padding-left: 20% !important;}\u00a0\u00bb]<\/p>\n<p style=\"text-align: center;\"><span style=\"color: #ffffff;\">\u00ab\u00a0Une toile blanche\u00a0\u00bb avec des solutions sur mesure : gestion du calendrier des \u00e9v\u00e9nements, canal \u00ab\u00a00\u00a0\u00bb pour les h\u00f4tels, notification des clients, gestionnaire d&rsquo;alertes et notifications des clients par sms ou email.<\/span><\/p>\n<p>[\/vc_column_text]<a style=\"width: 300px;\" href=\"https:\/\/task.recubik.com\/\" target=\"_blank\" title=\"Versi\u00f3n Task\" class=\"tt_button    \" data-animation-delay=200><span class=\"prim_text\">ACCEDE A LA VERSI\u00d3N TASK<\/span><\/a>[\/vc_column][\/vc_row][vc_row full_width=\u00a0\u00bbstretch_row_content_no_spaces\u00a0\u00bb parallax=\u00a0\u00bbcontent-moving\u00a0\u00bb parallax_image=\u00a0\u00bb38381&Prime; css=\u00a0\u00bb.vc_custom_1604315852367{padding-top: 100px !important;padding-bottom: 100px !important;background-color: #ffffff !important;}\u00a0\u00bb el_class=\u00a0\u00bbbackextra\u00a0\u00bb][vc_column width=\u00a0\u00bb1\/2&Prime;][vc_single_image image=\u00a0\u00bb52393&Prime; img_size=\u00a0\u00bbmedium\u00a0\u00bb alignment=\u00a0\u00bbcenter\u00a0\u00bb][vc_column_text css=\u00a0\u00bb.vc_custom_1666950133275{padding-right: 20% !important;padding-left: 20% !important;}\u00a0\u00bb]<\/p>\n<p style=\"text-align: center;\"><span style=\"color: #ffffff;\">Solution de signalisation num\u00e9rique sp\u00e9cialement con\u00e7ue pour le secteur de l&rsquo;immobilier. Les propri\u00e9t\u00e9s peuvent \u00eatre g\u00e9r\u00e9es de mani\u00e8re dynamique et attrayante, en plus de la gestion du contenu de l&rsquo;entreprise et de la grille de programmation.<\/span><\/p>\n<p>[\/vc_column_text]<a style=\"width: 300px;\" href=\"https:\/\/inmo.digitalsignagevision.com\/\" target=\"_blank\" title=\"Version Inmo\" class=\"tt_button    \" data-animation-delay=200><span class=\"prim_text\">ACCEDE A LA VERSI\u00d3N INMO<\/span><\/a>[vc_single_image image=\u00a0\u00bb52978&Prime; img_size=\u00a0\u00bb226&#215;88&Prime; alignment=\u00a0\u00bbcenter\u00a0\u00bb onclick=\u00a0\u00bbcustom_link\u00a0\u00bb img_link_target=\u00a0\u00bb_blank\u00a0\u00bb][\/vc_column][vc_column width=\u00a0\u00bb1\/2&Prime;][vc_single_image image=\u00a0\u00bb52392&Prime; img_size=\u00a0\u00bbmedium\u00a0\u00bb alignment=\u00a0\u00bbcenter\u00a0\u00bb][vc_column_text css=\u00a0\u00bb.vc_custom_1666950143427{padding-right: 20% !important;padding-left: 20% !important;}\u00a0\u00bb]<\/p>\n<p style=\"text-align: center;\"><span style=\"color: #ffffff;\">Inmo Premium est la solution la plus intuitive pour la gestion de l&rsquo;affichage dynamique dans le secteur de l&rsquo;immobilier. En m\u00eame temps que les propri\u00e9t\u00e9s sont envoy\u00e9es aux plateformes de diffusion, vous pouvez, d&rsquo;un simple clic, les faire appara\u00eetre \u00e9galement sur l&rsquo;\u00e9cran de la vitrine.<\/span><\/p>\n<p>[\/vc_column_text]<a style=\"width: 300px;\" href=\"https:\/\/inmo.digitalsignagevision.com\/web\/\" target=\"_blank\" title=\"Versi\u00f3n Inmo Premium\" class=\"tt_button    \" data-animation-delay=200><span class=\"prim_text\">ACCEDE A LA VERSI\u00d3N INMO PREMIUM<\/span><\/a>[vc_single_image image=\u00a0\u00bb52978&Prime; img_size=\u00a0\u00bb226&#215;88&Prime; alignment=\u00a0\u00bbcenter\u00a0\u00bb onclick=\u00a0\u00bbcustom_link\u00a0\u00bb img_link_target=\u00a0\u00bb_blank\u00a0\u00bb][\/vc_column][\/vc_row][vc_row disable_element=\u00a0\u00bbyes\u00a0\u00bb][vc_column][\/vc_column][\/vc_row][vc_column][\/vc_column][vc_row full_width=\u00a0\u00bbstretch_row_content\u00a0\u00bb css=\u00a0\u00bb.vc_custom_1604316277539{margin-bottom: -100px !important;padding-bottom: 30px !important;background-color: #273240 !important;}\u00a0\u00bb][vc_column][vc_column_text]<\/p>\n<h2 style=\"text-align: center;\"><span style=\"color: #ffffff;\">Contacter Recubik | Signalisation dynamique<\/span><\/h2>\n<p>[\/vc_column_text][vc_empty_space height=\u00a0\u00bb6px\u00a0\u00bb][vc_column_text]<\/p>\n<h4 style=\"text-align: center;\"><span style=\"color: #ffffff;\">Si vous avez un projet d&rsquo;affichage dynamique en t\u00eate, faites-nous part de votre id\u00e9e.<\/span><br \/>\n<span style=\"color: #ffffff;\">Envoyez-nous vos coordonn\u00e9es et nous vous contacterons pour rendre votre projet possible.<\/span><\/h4>\n<p>[\/vc_column_text][vc_empty_space height=\u00a0\u00bb10px\u00a0\u00bb]<div role=\"form\" class=\"wpcf7\" id=\"wpcf7-f39157-o1\" lang=\"es-ES\" dir=\"ltr\">\n<div class=\"screen-reader-response\"><p role=\"status\" aria-live=\"polite\" aria-atomic=\"true\"><\/p> <ul><\/ul><\/div>\n<form action=\"\/fr\/wp-json\/wp\/v2\/pages\/53390#wpcf7-f39157-o1\" method=\"post\" class=\"wpcf7-form init\" novalidate=\"novalidate\" data-status=\"init\">\n<div style=\"display: none;\">\n<input type=\"hidden\" name=\"_wpcf7\" value=\"39157\" \/>\n<input type=\"hidden\" name=\"_wpcf7_version\" value=\"5.5.6.1\" \/>\n<input type=\"hidden\" name=\"_wpcf7_locale\" value=\"es_ES\" \/>\n<input type=\"hidden\" name=\"_wpcf7_unit_tag\" value=\"wpcf7-f39157-o1\" \/>\n<input type=\"hidden\" name=\"_wpcf7_container_post\" value=\"0\" \/>\n<input type=\"hidden\" name=\"_wpcf7_posted_data_hash\" value=\"\" \/>\n<input type=\"hidden\" name=\"_wpcf7_recaptcha_response\" value=\"\" \/>\n<\/div>\n<p><span class=\"wpcf7-form-control-wrap Nombre\"><input type=\"text\" name=\"Nombre\" value=\"\" size=\"40\" class=\"wpcf7-form-control wpcf7-text wpcf7-validates-as-required\" aria-required=\"true\" aria-invalid=\"false\" placeholder=\"*Nombre y Apellidos\" \/><\/span><\/p>\n<p><span class=\"wpcf7-form-control-wrap email-196\"><input type=\"email\" name=\"email-196\" value=\"\" size=\"40\" class=\"wpcf7-form-control wpcf7-text wpcf7-email wpcf7-validates-as-required wpcf7-validates-as-email\" aria-required=\"true\" aria-invalid=\"false\" placeholder=\"*Correo de empresa\" \/><\/span> <\/p>\n<p><span class=\"wpcf7-form-control-wrap tel\"><input type=\"text\" name=\"tel\" value=\"\" size=\"40\" class=\"wpcf7-form-control wpcf7-text wpcf7-validates-as-required\" aria-required=\"true\" aria-invalid=\"false\" placeholder=\"*Tel\u00e9fono\" \/><\/span><\/p>\n<p><span class=\"wpcf7-form-control-wrap textmissatge\"><textarea name=\"textmissatge\" cols=\"40\" rows=\"10\" class=\"wpcf7-form-control wpcf7-textarea wpcf7-validates-as-required\" aria-required=\"true\" aria-invalid=\"false\" placeholder=\"*Deja tu mensaje...\"><\/textarea><\/span><\/p>\n<p><span class=\"wpcf7-form-control-wrap acceptance-492\"><span class=\"wpcf7-form-control wpcf7-acceptance\"><span class=\"wpcf7-list-item\"><label><input type=\"checkbox\" name=\"acceptance-492\" value=\"1\" aria-invalid=\"false\" \/><span class=\"wpcf7-list-item-label\">Al enviar la solicitud aceptas la <\/span> <a href=\"https:\/\/weboldv3.digitalsignageweb.com\/politica-cookies-privacidad\/\" target=\"_blank\" rel=\"noopener\">Pol\u00edtica de Privacidad<\/a><\/span><\/label><\/span><\/span><\/span><\/p>\n<p><input type=\"submit\" value=\"Enviar Solicitud\" class=\"wpcf7-form-control has-spinner wpcf7-submit\" \/><\/p>\n<div class=\"wpcf7-response-output\" aria-hidden=\"true\"><\/div><\/form><\/div>[\/vc_column][\/vc_row]<\/p>\n","protected":false},"excerpt":{"rendered":"<p>[vc_row full_width=\u00a0\u00bbstretch_row_content_no_spaces\u00a0\u00bb content_placement=\u00a0\u00bbmiddle\u00a0\u00bb parallax=\u00a0\u00bbcontent-moving\u00a0\u00bb parallax_image=\u00a0\u00bb38380&Prime; css=\u00a0\u00bb.vc_custom_1604316256599{margin-bottom: 1px !important;padding-top: 100px !important;padding-bottom: 100px !important;background-color: #ffffff !important;}\u00a0\u00bb el_class=\u00a0\u00bbbackextra\u00a0\u00bb][vc_column width=\u00a0\u00bb1\/2&Prime;][vc_single_image image=\u00a0\u00bb52388&Prime; img_size=\u00a0\u00bbmedium\u00a0\u00bb alignment=\u00a0\u00bbcenter\u00a0\u00bb][vc_column_text css=\u00a0\u00bb.vc_custom_1666950079799{padding-right: 20% !important;padding-left: 20% [&hellip;]<\/p>\n","protected":false},"author":2,"featured_media":52624,"parent":0,"menu_order":0,"comment_status":"closed","ping_status":"closed","template":"","meta":{"inline_featured_image":false},"_links":{"self":[{"href":"https:\/\/weboldv3.digitalsignageweb.com\/fr\/wp-json\/wp\/v2\/pages\/53390"}],"collection":[{"href":"https:\/\/weboldv3.digitalsignageweb.com\/fr\/wp-json\/wp\/v2\/pages"}],"about":[{"href":"https:\/\/weboldv3.digitalsignageweb.com\/fr\/wp-json\/wp\/v2\/types\/page"}],"author":[{"embeddable":true,"href":"https:\/\/weboldv3.digitalsignageweb.com\/fr\/wp-json\/wp\/v2\/users\/2"}],"replies":[{"embeddable":true,"href":"https:\/\/weboldv3.digitalsignageweb.com\/fr\/wp-json\/wp\/v2\/comments?post=53390"}],"version-history":[{"count":6,"href":"https:\/\/weboldv3.digitalsignageweb.com\/fr\/wp-json\/wp\/v2\/pages\/53390\/revisions"}],"predecessor-version":[{"id":63708,"href":"https:\/\/weboldv3.digitalsignageweb.com\/fr\/wp-json\/wp\/v2\/pages\/53390\/revisions\/63708"}],"wp:featuredmedia":[{"embeddable":true,"href":"https:\/\/weboldv3.digitalsignageweb.com\/fr\/wp-json\/wp\/v2\/media\/52624"}],"wp:attachment":[{"href":"https:\/\/weboldv3.digitalsignageweb.com\/fr\/wp-json\/wp\/v2\/media?parent=53390"}],"curies":[{"name":"wp","href":"https:\/\/api.w.org\/{rel}","templated":true}]}}